{"id":6640,"date":"2022-04-05T18:32:53","date_gmt":"2022-04-05T16:32:53","guid":{"rendered":"https:\/\/labeillechamanique.fr\/?page_id=1365"},"modified":"2025-07-18T15:10:35","modified_gmt":"2025-07-18T13:10:35","slug":"les-soins-a-distance-comment-ca-fonctionne","status":"publish","type":"page","link":"https:\/\/larucheholistique.fr\/?page_id=6640","title":{"rendered":"Les soins \u00e0 distance, comment \u00e7a fonctionne ?"},"content":{"rendered":"\n<p>Faire des soins \u00e0 distance, je sais, cela semble \u00e9trange.<\/p>\n\n\n\n<p>Le monde utilise son t\u00e9l\u00e9phone portable, internet et le paiement \u201csans contact\u201d tous les jours sans se poser la question de comment cela fonctionne, et pour autant, il doute du bien-fond\u00e9 et de l\u2019efficacit\u00e9 d\u2019un \u00ab soin \u00e0 distance \u00bb.<\/p>\n\n\n\n<p>Pourtant, le soin \u00e0 distance est bien connu des magn\u00e9tiseurs et il est employ\u00e9 dans toutes les th\u00e9rapies \u00e9nerg\u00e9tiques.<\/p>\n\n\n\n<p><strong>Qu\u2019est-ce qu\u2019un soin \u00e0 distance ?<\/strong><\/p>\n\n\n\n<p>Un soin \u00e0 distance est un soin qui est effectu\u00e9 alors que le client n\u2019est pas physiquement avec le praticien. C\u2019est \u00e9videmment une action qui implique une connexion \u00e9nerg\u00e9tique entre un \u00ab \u00e9metteur \u00bb (le praticien qui envoie l\u2019\u00e9nergie) et un \u00ab r\u00e9cepteur \u00bb (celui qui re\u00e7oit le soin). Les effets sont donc les m\u00eames qu\u2019en cabinet. Au lieu de mettre mes mains \u00e0 15-20cm au-dessus du corps du client, mes mains sont beaucoup plus loin. Je me mets en relation avec le corps \u00e9nerg\u00e9tique de la personne par la conscience et l\u2019\u00e2me. Il y a alors interaction sur un plan plus profond qui concerne l\u2019\u00e9nergie subtile de la personne. En agissant sur le plan subtil, le concept de distance n\u2019est plus une r\u00e9alit\u00e9.<\/p>\n\n\n\n<p><strong>Pourquoi le soin \u00e0 distance peut-il fonctionner ?<\/strong><\/p>\n\n\n\n<p>Nous sommes des \u00eatres \u00e9nerg\u00e9tiques puisque le plus petit atome, la particule subatomique, se r\u00e9v\u00e8le \u00eatre une onde :<\/p>\n\n\n\n<ul class=\"wp-block-list\"><li>De quoi est fait notre corps ? De tissus et d\u2019organes.<\/li><li>De quoi sont faits les tissus et les organes ? De cellules.<\/li><li>De quoi sont faites les cellules ? De mol\u00e9cules.<\/li><li>De quoi sont faites les mol\u00e9cules ? D\u2019atomes.<\/li><li>De quoi sont faits les atomes ? De particules subatomiques.<\/li><li>De quoi sont faites les particules subatomiques ? \u2026 D\u2019\u00e9nergie !<\/li><\/ul>\n\n\n\n<p>Mati\u00e8re et \u00e9nergie sont en fait les deux facettes d\u2019une m\u00eame pi\u00e8ce.<\/p>\n\n\n\n<p>Nous sommes des \u00eatres fait d\u2019\u00e9nergie imbriqu\u00e9s dans un monde \u00e9nerg\u00e9tique. L\u2019\u00e9nergie appartient \u00e0 une r\u00e9alit\u00e9 ondulatoire qui d\u00e9passe les barri\u00e8res physiques que nous percevons. Cela signifie que dans cet oc\u00e9an d\u2019\u00e9nergie, rien ne nous s\u00e9pare v\u00e9ritablement, nous sommes tous reli\u00e9s ! Nous pouvons alors choisir consciemment de nous mettre en relation, de nous focaliser spirituellement sur une personne pour lui apporter soutien en lui transmettant les \u00e9nergies n\u00e9cessaires !<\/p>\n\n\n\n<p><strong>Comment fonctionne le soin \u00e0 distance ?<\/strong><\/p>\n\n\n\n<p>Dans le domaine des soins \u00e9nerg\u00e9tiques \u00e0 distance, la connexion se fait par l\u2019intention. Peu importe o\u00f9 vous vous trouvez, je me connecte \u00e0 vous par l\u2019intention et le soin d\u00e9bute. Avant m\u00eame que je m\u2019installe pour agir sur vous, je commence \u00e0 penser \u00e0 vous dans la perspective de la s\u00e9ance et le soin \u00e0 d\u00e9j\u00e0 d\u00e9but\u00e9 !<\/p>\n\n\n\n<p>L\u2019intention et la stabilit\u00e9 de l\u2019esprit de celui qui \u00e9met est donc primordiale, sans quoi le soin serait inefficace.<\/p>\n\n\n\n<p>Dans mon exp\u00e9rience, la connexion implique un fort ressenti ainsi qu\u2019une vision nouvelle des choses, sans doute encore plus fort qu\u2019une s\u00e9ance en pr\u00e9sentiel. C\u2019est comme si je ressentais dans mon corps ce qui se passe pour vous, c\u2019est comme si je voyais ce qu\u2019il se passe en vous. Par exemple, je travaille sur vos chakras en les visualisant et je les ressens \u00e0 travers mes propres chakras. De la m\u00eame mani\u00e8re en s\u00e9ance pr\u00e9sentielle, je peux ressentir une douleur au coeur et je vais travailler sur votre coeur. En soin \u00e0 distance, je ressens la douleur au coeur et par l\u2019intention je travaille sur votre coeur.<\/p>\n\n\n\n<p>Le soin permet de lib\u00e9rer et de renforcer le syst\u00e8me \u00e9nerg\u00e9tique de la personne comme une cellule qui se recharge d\u2019\u00e9nergies qui lui \u00e9taient manquantes jusqu\u2019alors. L\u2019\u00e9nergie subtile va agir sur les d\u00e9ficiences ou insuffisances qui mettent \u00e0 mal l\u2019unit\u00e9 et la coh\u00e9rence du champ \u00e9nerg\u00e9tique de la personne.<\/p>\n\n\n\n<p>L\u2019\u00e9nergie envoy\u00e9e \u00e0 la personne relance ses processus de gu\u00e9rison, sur le plan physique, \u00e9motionnel et mental. L\u2019\u00e9nergie n\u2019est en effet pas attribu\u00e9e ou \u00ab limit\u00e9e \u00bb \u00e0 un seul plan, elle traite ce qui a besoin d\u2019\u00eatre \u00ab r\u00e9-harmonis\u00e9 \u00bb, r\u00e9-inform\u00e9 \u00bb.<\/p>\n\n\n\n<p>Exp\u00e9rimentez vous aussi ce soin \u00e9nerg\u00e9tique \u00e0 distance et constatez ses effets! Vous m\u2019en direz des nouvelles!<\/p>\n","protected":false},"excerpt":{"rendered":"<p>Faire des soins \u00e0 distance, je sais, cela semble \u00e9trange. Le monde utilise son t\u00e9l\u00e9phone portable, internet et le paiement \u201csans contact\u201d tous les jours sans se poser la question de comment cela fonctionne, et pour autant, il doute du bien-fond\u00e9 et de l\u2019efficacit\u00e9 d\u2019un \u00ab soin \u00e0 distance \u00bb. Pourtant, le soin \u00e0 distance &hellip; <\/p>\n<p class=\"link-more\"><a href=\"https:\/\/larucheholistique.fr\/?page_id=6640\" class=\"more-link\">Continuer la lecture<span class=\"screen-reader-text\"> de &laquo;&nbsp;Les soins \u00e0 distance, comment \u00e7a fonctionne ?&nbsp;&raquo;<\/span><\/a><\/p>\n","protected":false},"author":1,"featured_media":0,"parent":0,"menu_order":0,"comment_status":"closed","ping_status":"closed","template":"","meta":{"_themeisle_gutenberg_block_has_review":false,"footnotes":""},"class_list":["post-6640","page","type-page","status-publish","hentry"],"_links":{"self":[{"href":"https:\/\/larucheholistique.fr\/index.php?rest_route=\/wp\/v2\/pages\/6640","targetHints":{"allow":["GET"]}}],"collection":[{"href":"https:\/\/larucheholistique.fr\/index.php?rest_route=\/wp\/v2\/pages"}],"about":[{"href":"https:\/\/larucheholistique.fr\/index.php?rest_route=\/wp\/v2\/types\/page"}],"author":[{"embeddable":true,"href":"https:\/\/larucheholistique.fr\/index.php?rest_route=\/wp\/v2\/users\/1"}],"replies":[{"embeddable":true,"href":"https:\/\/larucheholistique.fr\/index.php?rest_route=%2Fwp%2Fv2%2Fcomments&post=6640"}],"version-history":[{"count":1,"href":"https:\/\/larucheholistique.fr\/index.php?rest_route=\/wp\/v2\/pages\/6640\/revisions"}],"predecessor-version":[{"id":6898,"href":"https:\/\/larucheholistique.fr\/index.php?rest_route=\/wp\/v2\/pages\/6640\/revisions\/6898"}],"wp:attachment":[{"href":"https:\/\/larucheholistique.fr\/index.php?rest_route=%2Fwp%2Fv2%2Fmedia&parent=6640"}],"curies":[{"name":"wp","href":"https:\/\/api.w.org\/{rel}","templated":true}]}}